{"id":2,"date":"2022-06-09T14:38:46","date_gmt":"2022-06-09T14:38:46","guid":{"rendered":"https:\/\/qhub24.com\/page\/?page_id=2"},"modified":"2022-11-29T17:37:08","modified_gmt":"2022-11-29T17:37:08","slug":"system-kontroli-jakosci","status":"publish","type":"page","link":"https:\/\/qhub24.com\/page\/system-kontroli-jakosci\/","title":{"rendered":"Gotowy system do kontroli jako\u015bci produkcji"},"content":{"rendered":"\n<p class=\"has-vivid-cyan-blue-color has-text-color\">W ramach aplikacji QDA dobierzesz te funkcjonalno\u015bci, kt\u00f3rych brakuje w Twoim systemie zapewnienia jako\u015bci.<\/p>\n\n\n\n<figure class=\"wp-block-image size-full is-resized\"><img loading=\"lazy\" src=\"https:\/\/qhub24.com\/page\/wp-content\/uploads\/2022\/08\/CAQ-kompleksowa-kontrola-1.jpg\" alt=\"\" class=\"wp-image-78\" width=\"585\" height=\"585\" srcset=\"https:\/\/qhub24.com\/page\/wp-content\/uploads\/2022\/08\/CAQ-kompleksowa-kontrola-1.jpg 768w, https:\/\/qhub24.com\/page\/wp-content\/uploads\/2022\/08\/CAQ-kompleksowa-kontrola-1-300x300.jpg 300w, https:\/\/qhub24.com\/page\/wp-content\/uploads\/2022\/08\/CAQ-kompleksowa-kontrola-1-150x150.jpg 150w, https:\/\/qhub24.com\/page\/wp-content\/uploads\/2022\/08\/CAQ-kompleksowa-kontrola-1-73x73.jpg 73w, https:\/\/qhub24.com\/page\/wp-content\/uploads\/2022\/08\/CAQ-kompleksowa-kontrola-1-174x174.jpg 174w, https:\/\/qhub24.com\/page\/wp-content\/uploads\/2022\/08\/CAQ-kompleksowa-kontrola-1-250x250.jpg 250w\" sizes=\"(max-width: 585px) 100vw, 585px\" \/><figcaption>QMS &#8211; System Zarz\u0105dzania Jako\u015bci\u0105.<\/figcaption><\/figure>\n\n\n\n<p>Np. <\/p>\n\n\n\n<ul><li>Zarz\u0105dzanie sprz\u0119tem pomiarowym \/ nie mam &#8211; w\u0142\u0105czam aplikacj\u0119 QDA<\/li><li>MSA \/mam &#8211; zatem u\u017cywam obecnego systemu<\/li><li>Zbieranie danych z produkcji \/ nie mam &#8211; w\u0142\u0105czam w aplikacji QDA<\/li><li>Analizy statystyczne SPC, Zdolno\u015b\u0107 (Cp\/Pp) \/ cz\u0119\u015bciowo wykonuje w aplikacji QDA i eksportuje do innych aplikacji<\/li><li>Reklamacje \/ mam, ale brakuje mi systemu do obs\u0142ugi niezgodno\u015bci wew. &#8211; w\u0142\u0105czam w QDA<\/li><li>Zarz\u0105dzanie nowymi projektami wdra\u017canymi do produkcji APQP, PPAP \/ nie mam ale zaplanuje na kolejn\u0105 faz\u0119 wdro\u017cenia,<\/li><li>Zarz\u0105dzanie dokumentacj\u0105 \/ mam, zostaje przy obecnym systemie.<\/li><\/ul>\n","protected":false},"excerpt":{"rendered":"<p>W ramach aplikacji QDA dobierzesz te funkcjonalno\u015bci, kt\u00f3rych brakuje w Twoim systemie zapewnienia jako\u015bci. Np. Zarz\u0105dzanie sprz\u0119tem pomiarowym \/ nie mam &#8211; w\u0142\u0105czam aplikacj\u0119 QDA MSA \/mam &#8211; zatem u\u017cywam obecnego systemu Zbieranie danych z produkcji \/ nie mam &#8211; w\u0142\u0105czam w aplikacji QDA Analizy statystyczne SPC, Zdolno\u015b\u0107 (Cp\/Pp) \/ cz\u0119\u015bciowo wykonuje w aplikacji QDA<a href=\"https:\/\/qhub24.com\/page\/system-kontroli-jakosci\/\">[&#8230;]<\/a><\/p>\n","protected":false},"author":1,"featured_media":0,"parent":0,"menu_order":0,"comment_status":"closed","ping_status":"closed","template":"template-fullwidth.php","meta":[],"_links":{"self":[{"href":"https:\/\/qhub24.com\/page\/wp-json\/wp\/v2\/pages\/2"}],"collection":[{"href":"https:\/\/qhub24.com\/page\/wp-json\/wp\/v2\/pages"}],"about":[{"href":"https:\/\/qhub24.com\/page\/wp-json\/wp\/v2\/types\/page"}],"author":[{"embeddable":true,"href":"https:\/\/qhub24.com\/page\/wp-json\/wp\/v2\/users\/1"}],"replies":[{"embeddable":true,"href":"https:\/\/qhub24.com\/page\/wp-json\/wp\/v2\/comments?post=2"}],"version-history":[{"count":3,"href":"https:\/\/qhub24.com\/page\/wp-json\/wp\/v2\/pages\/2\/revisions"}],"predecessor-version":[{"id":129,"href":"https:\/\/qhub24.com\/page\/wp-json\/wp\/v2\/pages\/2\/revisions\/129"}],"wp:attachment":[{"href":"https:\/\/qhub24.com\/page\/wp-json\/wp\/v2\/media?parent=2"}],"curies":[{"name":"wp","href":"https:\/\/api.w.org\/{rel}","templated":true}]}}